{"id":128,"date":"2020-03-24T14:33:58","date_gmt":"2020-03-24T14:33:58","guid":{"rendered":"https:\/\/nextbetaffiliates.com\/vi\/?page_id=128"},"modified":"2024-12-16T17:23:03","modified_gmt":"2024-12-16T17:23:03","slug":"terms-and-conditions","status":"publish","type":"page","link":"https:\/\/nextbetaffiliates.com\/vi\/faq\/terms-and-conditions\/","title":{"rendered":"Terms and Conditions"},"content":{"rendered":"\n\n\n<div class=\"faq-subcontent\">1. T\u1ef7 l\u1ec7 hoa h\u1ed3ng s\u1ebd kh\u00f4ng c\u00f2n ch\u1ec9 d\u1ef1a v\u00e0o <strong>l\u1ed7 r\u00f2ng<\/strong> c\u1ee7a ng\u01b0\u1eddi ch\u01a1i, m\u00e0 s\u1ebd \u0111\u01b0\u1ee3c chi tr\u1ea3 theo s\u1ed1 ng\u01b0\u1eddi ch\u01a1i \u0111\u0103ng k\u00fd m\u00e0 b\u1ea1n gi\u1edbi thi\u1ec7u trong su\u1ed1t th\u00e1ng. C\u00e0ng nhi\u1ec1u ng\u01b0\u1eddi ch\u01a1i m\u1edbi tham gia, m\u1ee9c hoa h\u1ed3ng m\u00e0 \u0111\u1ea1i l\u00fd \u0111\u01b0\u1ee3c nh\u1eadn c\u00e0ng cao.<\/div>\n<div class=\"faq-subcontent\">2. S\u1ed1 l\u01b0\u1ee3ng thanh to\u00e1n hoa h\u1ed3ng t\u1ed1i thi\u1ec3u ph\u1ea3i \u1edf m\u1ee9c 100 USD. Vi\u1ec7c x\u00e1c nh\u1eadn ti\u1ec1n hoa h\u1ed3ng s\u1ebd m\u1ea5t trong kho\u1ea3ng 10 ng\u00e0y (sau ng\u00e0y cu\u1ed1i th\u00e1ng). Sau khi x\u00e1c minh, ti\u1ec1n hoa h\u1ed3ng s\u1ebd \u0111\u01b0\u1ee3c g\u1eedi v\u00e0o t\u00e0i kho\u1ea3n \u0111\u00e3 l\u1ef1a ch\u1ecdn c\u1ee7a \u0111\u1ea1i l\u00fd trong v\u00f2ng 5 ng\u00e0y.<\/div>\n<div class=\"faq-subcontent\">3. N\u1ebfu \u0110\u1ea1i l\u00fd t\u1ea1\u1ecd ra l\u1ee3i nhu\u1eadn \u00e2m (t\u1ee9c kh\u00e1ch t\u1eeb \u0110\u1ea1i l\u00fd mang v\u1ec1 th\u1eafng) ho\u1eb7c kh\u00f4ng \u0111\u00e1p \u1ee9ng y\u00eau c\u1ea7u c\u00f3 5 ng\u01b0\u1eddi ch\u01a1i ho\u1ea1t \u0111\u1ed9ng t\u00edch c\u1ef1c trong th\u00e1ng, \u0110\u1ea1i l\u00fd s\u1ebd kh\u00f4ng nh\u1eadn \u0111\u01b0\u1ee3c hoa h\u1ed3ng th\u00e1ng \u0111\u00f3 v\u00e0 s\u1ebd \u0111\u01b0\u1ee3c chuy\u1ec3n qua th\u00e1ng ti\u1ebfp theo.<\/div>\n<div class=\"faq-subcontent\">4. Ti\u1ec1n th\u01b0\u1edfng khuy\u1ebfn m\u00e3i v\u00e0 chi ph\u00ed ho\u00e0n tr\u1ea3 c\u1ee7a ng\u01b0\u1eddi ch\u01a1i \u0111\u01b0\u1ee3c gi\u1edbi thi\u1ec7u s\u1ebd \u0111\u01b0\u1ee3c tr\u1eeb t\u1eeb ti\u1ec1n hoa h\u1ed3ng c\u1ee7a \u0110\u1ea1i l\u00fd.<\/div>\n<div class=\"faq-subcontent\">5. \u0110\u1ea1i l\u00fd kh\u00f4ng th\u1ec3 c\u00f3 t\u00e0i kho\u1ea3n ch\u01a1i game c\u1ee7a ri\u00eang m\u00ecnh theo t\u00e0i kho\u1ea3n li\u00ean k\u1ebft c\u1ee7a h\u1ecd. N\u1ebfu m\u1ed9t \u0110\u1ea1i l\u00fd b\u1ecb ph\u00e1t hi\u1ec7n thu l\u1ee3i nhu\u1eadn t\u1eeb t\u00e0i kho\u1ea3n \u0111\u01b0\u1ee3c t\u1ea1o ra b\u1edfi ch\u00ednh h\u1ecd, ch\u00fang t\u00f4i s\u1ebd thu h\u1ed3i b\u1ea5t k\u1ef3 kho\u1ea3n ti\u1ec1n n\u00e0o ki\u1ebfm \u0111\u01b0\u1ee3c v\u00e0 t\u00e0i kho\u1ea3n s\u1ebd kh\u00f4ng \u0111\u01b0\u1ee3c li\u00ean k\u1ebft \u0111\u1ebfn t\u00e0i kho\u1ea3n \u0111\u1ea1i l\u00fd c\u1ee7a ch\u00ednh h\u1ecd.<\/div>\n<div class=\"faq-subcontent\">6. L\u1ee3i nhu\u1eadn \u0111\u01b0\u1ee3c t\u1ea1o ra t\u1eeb m\u1ed9t \u0111\u1ea1i l\u00fd b\u1ecb ph\u00e1t hi\u1ec7n c\u00f3 c\u00e1c h\u00e0nh vi gian l\u1eadn s\u1ebd \u0111\u01b0\u1ee3c kh\u1ea5u tr\u1eeb t\u1eeb thu nh\u1eadp \u0110\u1ea1i l\u00fd. B\u1ea5t k\u1ef3 h\u00e0nh \u0111\u1ed9ng m\u00e0 C\u00f4ng ty cho r\u1eb1ng kh\u00f4ng trung th\u1ef1c s\u1ebd d\u1eabn \u0111\u1ebfn vi\u1ec7c \u0111\u00f3ng b\u0103ng v\u0129nh vi\u1ec5n m\u1ed9t t\u00e0i kho\u1ea3n, v\u00e0 s\u1ebd m\u1ea5t t\u1ea5t c\u1ea3 ti\u1ec1n hoa h\u1ed3ng.<\/div>\n<div class=\"faq-subcontent\">7. N\u1ebfu m\u1ed9t \u0111\u1ea1i l\u00fd \u0111ang b\u1ecb \u0111i\u1ec1u tra v\u1ec1 c\u00e1c ho\u1ea1t \u0111\u1ed9ng gian l\u1eadn, Nextbet s\u1ebd gi\u1eef l\u1ea1i thanh to\u00e1n c\u1ee7a l\u1ee3i nhu\u1eadn ph\u00e1t sinh t\u1eeb li\u00ean k\u1ebft \u0111\u00f3 cho \u0111\u1ebfn khi cu\u1ed9c \u0111i\u1ec1u tra \u0111\u01b0\u1ee3c ho\u00e0n t\u1ea5t.<\/div>\n<div class=\"faq-subcontent\">8. \u0110\u1ea1i l\u00fd \u0111\u01b0\u1ee3c h\u1ea1n ch\u1ebf \u0111\u1ec3 cung c\u1ea5p ti\u1ec1n th\u01b0\u1edfng ho\u1eb7c b\u1ea5t k\u1ef3 ch\u01b0\u01a1ng tr\u00ecnh khuy\u1ebfn m\u00e3i n\u00e0o m\u00e0 kh\u00f4ng \u0111\u01b0\u1ee3c xem x\u00e9t v\u00e0 ph\u00ea duy\u1ec7t b\u1edfi Nextbet n\u1ebfu kh\u00f4ng t\u00e0i kho\u1ea3n c\u1ee7a \u0110\u1ea1i l\u00fd s\u1ebd b\u1ecb ch\u1ea5m d\u1ee9t.<\/div>\n<div class=\"faq-subcontent\">9. Hi\u1ec7u su\u1ea5t c\u1ee7a \u0110\u1ea1i l\u00fd lu\u00f4n lu\u00f4n \u0111\u01b0\u1ee3c theo d\u00f5i, n\u1ebfu c\u00e1c t\u00e0i kho\u1ea3n \u0111\u1ea1i l\u00fd kh\u00f4ng ho\u1ea1t \u0111\u1ed9ng trong v\u00f2ng 6 th\u00e1ng, Nextbet b\u1ea3o l\u01b0u quy\u1ec1n ch\u1ea5m d\u1ee9t, h\u1ee7y b\u1ecf v\u00e0 \/ ho\u1eb7c l\u00e0m m\u1ea5t hi\u1ec7u l\u1ef1c t\u00e0i kho\u1ea3n \u0111\u1ea1i l\u00fd b\u1ea5t c\u1ee9 l\u00fac n\u00e0o m\u00e0 kh\u00f4ng c\u1ea7n th\u00f4ng b\u00e1o.<\/div>\n<div class=\"faq-subcontent\">10. N\u1ebfu c\u00e1c t\u00e0i kho\u1ea3n \u0111\u1ea1i l\u00fd kh\u00f4ng th\u1ec3 \u0111\u01b0\u1ee3c th\u1ef1c hi\u1ec7n nh\u01b0 k\u1ebf ho\u1ea1ch do b\u1ea5t k\u1ef3 tr\u01b0\u1eddng h\u1ee3p b\u1ea5t kh\u1ea3 kh\u00e1ng hay ngo\u00e0i t\u1ea7m ki\u1ec3m so\u00e1t c\u1ee7a ch\u00fang t\u00f4i, Nextbet s\u1ebd \u0111\u00f3ng b\u0103ng c\u00e1c t\u00e0i kho\u1ea3n \u0111\u1ea1i l\u00fd v\u00e0 kh\u00f4ng ch\u1ecbu tr\u00e1ch nhi\u1ec7m ph\u00e1p l\u00fd ho\u1eb7c s\u1ebd kh\u00f4ng cung c\u1ea5p ti\u1ec1n hoa h\u1ed3ng.<\/div>\n<div class=\"faq-subcontent\">11. Nextbet b\u1ea3o l\u01b0u quy\u1ec1n s\u1eeda \u0111\u1ed5i ho\u1eb7c b\u1ed5 sung c\u00e1c \u0110i\u1ec1u kho\u1ea3n v\u00e0 \u0110i\u1ec1u ki\u1ec7n b\u1ea5t c\u1ee9 l\u00fac n\u00e0o m\u00e0 kh\u00f4ng c\u1ea7n th\u00f4ng b\u00e1o tr\u01b0\u1edbc.<\/div>\n<div class=\"faq-subcontent\">12. C\u1eadp Nh\u1eadt Ph\u01b0\u01a1ng Th\u1ee9c Thanh To\u00e1n. \u0110\u1ea1i l\u00fd c\u00f3 th\u1ec3 c\u1eadp nh\u1eadt th\u00f4ng tin thanh to\u00e1n tr\u00ean trang qu\u1ea3n l\u00fd v\u00e0o ng\u00e0y 5 m\u1ed7i th\u00e1ng n\u1ebfu c\u00f3 nhu c\u1ea7u thay \u0111\u1ed5i. N\u1ebfu \u0111\u1ea1i l\u00fd c\u1eadp nh\u1eadt th\u00f4ng tin sau ng\u00e0y 5 s\u1ebd kh\u00f4ng c\u00f3 hi\u1ec7u l\u1ee5c m\u00e0 s\u1ebd c\u00f3 hi\u1ec7u l\u1ef1c v\u00e0o k\u1ef3 thanh to\u00e1n c\u1ee7a th\u00e1ng sau. \u0110i\u1ec1u n\u00e0y nh\u1eb1m \u0111\u1ea3m b\u1ea3o vi\u1ec7c thanh to\u00e1n s\u1ebd di\u1ec5n ra \u0111\u00fang th\u1eddi gian quy \u0111\u1ecbnh.<\/div>\n","protected":false},"excerpt":{"rendered":"1. T\u1ef7 l\u1ec7 hoa h\u1ed3ng s\u1ebd kh\u00f4ng c\u00f2n ch\u1ec9 d\u1ef1a v\u00e0o l\u1ed7 r\u00f2ng c\u1ee7a ng\u01b0\u1eddi ch\u01a1i, m\u00e0 s\u1ebd \u0111\u01b0\u1ee3c chi tr\u1ea3 theo s\u1ed1 ng\u01b0\u1eddi ch\u01a1i \u0111\u0103ng k\u00fd m\u00e0 b\u1ea1n gi\u1edbi thi\u1ec7u trong su\u1ed1t th\u00e1ng. C\u00e0ng nhi\u1ec1u ng\u01b0\u1eddi ch\u01a1i m\u1edbi tham gia, m\u1ee9c hoa h\u1ed3ng m\u00e0 \u0111\u1ea1i l\u00fd \u0111\u01b0\u1ee3c nh\u1eadn c\u00e0ng cao. 2. S\u1ed1 l\u01b0\u1ee3ng thanh&#8230; <a class=\"view-article\" href=\"https:\/\/nextbetaffiliates.com\/vi\/faq\/terms-and-conditions\/\">View Article<\/a>","protected":false},"author":4,"featured_media":0,"parent":118,"menu_order":3,"comment_status":"closed","ping_status":"closed","template":"","meta":{"_acf_changed":false,"footnotes":""},"class_list":["post-128","page","type-page","status-publish","hentry"],"acf":[],"yoast_head":"<!-- This site is optimized with the Yoast SEO plugin v27.3 - https:\/\/yoast.com\/product\/yoast-seo-wordpress\/ -->\n<title>Terms and Conditions - Nextbet Affiliates<\/title>\n<meta name=\"robots\" content=\"index, follow, max-snippet:-1, max-image-preview:large, max-video-preview:-1\" \/>\n<link rel=\"canonical\" href=\"https:\/\/nextbetaffiliates.com\/vi\/faq\/terms-and-conditions\/\" \/>\n<meta property=\"og:locale\" content=\"en_US\" \/>\n<meta property=\"og:type\" content=\"article\" \/>\n<meta property=\"og:title\" content=\"Terms and Conditions - Nextbet Affiliates\" \/>\n<meta property=\"og:description\" content=\"1. T\u1ef7 l\u1ec7 hoa h\u1ed3ng s\u1ebd kh\u00f4ng c\u00f2n ch\u1ec9 d\u1ef1a v\u00e0o l\u1ed7 r\u00f2ng c\u1ee7a ng\u01b0\u1eddi ch\u01a1i, m\u00e0 s\u1ebd \u0111\u01b0\u1ee3c chi tr\u1ea3 theo s\u1ed1 ng\u01b0\u1eddi ch\u01a1i \u0111\u0103ng k\u00fd m\u00e0 b\u1ea1n gi\u1edbi thi\u1ec7u trong su\u1ed1t th\u00e1ng. C\u00e0ng nhi\u1ec1u ng\u01b0\u1eddi ch\u01a1i m\u1edbi tham gia, m\u1ee9c hoa h\u1ed3ng m\u00e0 \u0111\u1ea1i l\u00fd \u0111\u01b0\u1ee3c nh\u1eadn c\u00e0ng cao. 2. S\u1ed1 l\u01b0\u1ee3ng thanh... View Article\" \/>\n<meta property=\"og:url\" content=\"https:\/\/nextbetaffiliates.com\/vi\/faq\/terms-and-conditions\/\" \/>\n<meta property=\"og:site_name\" content=\"Nextbet Affiliates\" \/>\n<meta property=\"article:modified_time\" content=\"2024-12-16T17:23:03+00:00\" \/>\n<meta name=\"twitter:card\" content=\"summary_large_image\" \/>\n<meta name=\"twitter:label1\" content=\"Est. reading time\" \/>\n\t<meta name=\"twitter:data1\" content=\"4 minutes\" \/>\n<script type=\"application\/ld+json\" class=\"yoast-schema-graph\">{\"@context\":\"https:\\\/\\\/schema.org\",\"@graph\":[{\"@type\":\"WebPage\",\"@id\":\"https:\\\/\\\/nextbetaffiliates.com\\\/vi\\\/faq\\\/terms-and-conditions\\\/\",\"url\":\"https:\\\/\\\/nextbetaffiliates.com\\\/vi\\\/faq\\\/terms-and-conditions\\\/\",\"name\":\"Terms and Conditions - Nextbet Affiliates\",\"isPartOf\":{\"@id\":\"https:\\\/\\\/nextbetaffiliates.com\\\/vi\\\/#website\"},\"datePublished\":\"2020-03-24T14:33:58+00:00\",\"dateModified\":\"2024-12-16T17:23:03+00:00\",\"breadcrumb\":{\"@id\":\"https:\\\/\\\/nextbetaffiliates.com\\\/vi\\\/faq\\\/terms-and-conditions\\\/#breadcrumb\"},\"inLanguage\":\"en-US\",\"potentialAction\":[{\"@type\":\"ReadAction\",\"target\":[\"https:\\\/\\\/nextbetaffiliates.com\\\/vi\\\/faq\\\/terms-and-conditions\\\/\"]}]},{\"@type\":\"BreadcrumbList\",\"@id\":\"https:\\\/\\\/nextbetaffiliates.com\\\/vi\\\/faq\\\/terms-and-conditions\\\/#breadcrumb\",\"itemListElement\":[{\"@type\":\"ListItem\",\"position\":1,\"name\":\"Home\",\"item\":\"https:\\\/\\\/nextbetaffiliates.com\\\/vi\\\/\"},{\"@type\":\"ListItem\",\"position\":2,\"name\":\"FAQ\",\"item\":\"https:\\\/\\\/nextbetaffiliates.com\\\/vi\\\/faq\\\/\"},{\"@type\":\"ListItem\",\"position\":3,\"name\":\"Terms and Conditions\"}]},{\"@type\":\"WebSite\",\"@id\":\"https:\\\/\\\/nextbetaffiliates.com\\\/vi\\\/#website\",\"url\":\"https:\\\/\\\/nextbetaffiliates.com\\\/vi\\\/\",\"name\":\"Nextbet Affiliates\",\"description\":\"\",\"potentialAction\":[{\"@type\":\"SearchAction\",\"target\":{\"@type\":\"EntryPoint\",\"urlTemplate\":\"https:\\\/\\\/nextbetaffiliates.com\\\/vi\\\/?s={search_term_string}\"},\"query-input\":{\"@type\":\"PropertyValueSpecification\",\"valueRequired\":true,\"valueName\":\"search_term_string\"}}],\"inLanguage\":\"en-US\"}]}<\/script>\n<!-- \/ Yoast SEO plugin. -->","yoast_head_json":{"title":"Terms and Conditions - Nextbet Affiliates","robots":{"index":"index","follow":"follow","max-snippet":"max-snippet:-1","max-image-preview":"max-image-preview:large","max-video-preview":"max-video-preview:-1"},"canonical":"https:\/\/nextbetaffiliates.com\/vi\/faq\/terms-and-conditions\/","og_locale":"en_US","og_type":"article","og_title":"Terms and Conditions - Nextbet Affiliates","og_description":"1. T\u1ef7 l\u1ec7 hoa h\u1ed3ng s\u1ebd kh\u00f4ng c\u00f2n ch\u1ec9 d\u1ef1a v\u00e0o l\u1ed7 r\u00f2ng c\u1ee7a ng\u01b0\u1eddi ch\u01a1i, m\u00e0 s\u1ebd \u0111\u01b0\u1ee3c chi tr\u1ea3 theo s\u1ed1 ng\u01b0\u1eddi ch\u01a1i \u0111\u0103ng k\u00fd m\u00e0 b\u1ea1n gi\u1edbi thi\u1ec7u trong su\u1ed1t th\u00e1ng. C\u00e0ng nhi\u1ec1u ng\u01b0\u1eddi ch\u01a1i m\u1edbi tham gia, m\u1ee9c hoa h\u1ed3ng m\u00e0 \u0111\u1ea1i l\u00fd \u0111\u01b0\u1ee3c nh\u1eadn c\u00e0ng cao. 2. S\u1ed1 l\u01b0\u1ee3ng thanh... View Article","og_url":"https:\/\/nextbetaffiliates.com\/vi\/faq\/terms-and-conditions\/","og_site_name":"Nextbet Affiliates","article_modified_time":"2024-12-16T17:23:03+00:00","twitter_card":"summary_large_image","twitter_misc":{"Est. reading time":"4 minutes"},"schema":{"@context":"https:\/\/schema.org","@graph":[{"@type":"WebPage","@id":"https:\/\/nextbetaffiliates.com\/vi\/faq\/terms-and-conditions\/","url":"https:\/\/nextbetaffiliates.com\/vi\/faq\/terms-and-conditions\/","name":"Terms and Conditions - Nextbet Affiliates","isPartOf":{"@id":"https:\/\/nextbetaffiliates.com\/vi\/#website"},"datePublished":"2020-03-24T14:33:58+00:00","dateModified":"2024-12-16T17:23:03+00:00","breadcrumb":{"@id":"https:\/\/nextbetaffiliates.com\/vi\/faq\/terms-and-conditions\/#breadcrumb"},"inLanguage":"en-US","potentialAction":[{"@type":"ReadAction","target":["https:\/\/nextbetaffiliates.com\/vi\/faq\/terms-and-conditions\/"]}]},{"@type":"BreadcrumbList","@id":"https:\/\/nextbetaffiliates.com\/vi\/faq\/terms-and-conditions\/#breadcrumb","itemListElement":[{"@type":"ListItem","position":1,"name":"Home","item":"https:\/\/nextbetaffiliates.com\/vi\/"},{"@type":"ListItem","position":2,"name":"FAQ","item":"https:\/\/nextbetaffiliates.com\/vi\/faq\/"},{"@type":"ListItem","position":3,"name":"Terms and Conditions"}]},{"@type":"WebSite","@id":"https:\/\/nextbetaffiliates.com\/vi\/#website","url":"https:\/\/nextbetaffiliates.com\/vi\/","name":"Nextbet Affiliates","description":"","potentialAction":[{"@type":"SearchAction","target":{"@type":"EntryPoint","urlTemplate":"https:\/\/nextbetaffiliates.com\/vi\/?s={search_term_string}"},"query-input":{"@type":"PropertyValueSpecification","valueRequired":true,"valueName":"search_term_string"}}],"inLanguage":"en-US"}]}},"_links":{"self":[{"href":"https:\/\/nextbetaffiliates.com\/vi\/wp-json\/wp\/v2\/pages\/128","targetHints":{"allow":["GET"]}}],"collection":[{"href":"https:\/\/nextbetaffiliates.com\/vi\/wp-json\/wp\/v2\/pages"}],"about":[{"href":"https:\/\/nextbetaffiliates.com\/vi\/wp-json\/wp\/v2\/types\/page"}],"author":[{"embeddable":true,"href":"https:\/\/nextbetaffiliates.com\/vi\/wp-json\/wp\/v2\/users\/4"}],"replies":[{"embeddable":true,"href":"https:\/\/nextbetaffiliates.com\/vi\/wp-json\/wp\/v2\/comments?post=128"}],"version-history":[{"count":5,"href":"https:\/\/nextbetaffiliates.com\/vi\/wp-json\/wp\/v2\/pages\/128\/revisions"}],"predecessor-version":[{"id":517,"href":"https:\/\/nextbetaffiliates.com\/vi\/wp-json\/wp\/v2\/pages\/128\/revisions\/517"}],"up":[{"embeddable":true,"href":"https:\/\/nextbetaffiliates.com\/vi\/wp-json\/wp\/v2\/pages\/118"}],"wp:attachment":[{"href":"https:\/\/nextbetaffiliates.com\/vi\/wp-json\/wp\/v2\/media?parent=128"}],"curies":[{"name":"wp","href":"https:\/\/api.w.org\/{rel}","templated":true}]}}